{"id":2154,"date":"2020-07-21T13:37:24","date_gmt":"2020-07-21T11:37:24","guid":{"rendered":"https:\/\/www.domainedesbarons.com\/infos-pratiques\/"},"modified":"2023-12-11T08:49:24","modified_gmt":"2023-12-11T07:49:24","slug":"practical-information","status":"publish","type":"page","link":"https:\/\/www.domainedesbarons.com\/en\/practical-information\/","title":{"rendered":"Practical Information"},"content":{"rendered":"","protected":false},"excerpt":{"rendered":"","protected":false},"author":3,"featured_media":0,"parent":0,"menu_order":11,"comment_status":"closed","ping_status":"closed","template":"templates\/tmp-infos-pratiques.php","meta":{"_acf_changed":false},"class_list":["post-2154","page","type-page","status-publish","hentry"],"acf":[],"yoast_head":"<!-- This site is optimized with the Yoast SEO plugin v26.7 - https:\/\/yoast.com\/wordpress\/plugins\/seo\/ -->\n<title>Practical Information - Domaine des Barons de la Chasse<\/title>\n<meta name=\"description\" content=\"D\u00e9couvrez les informations pratiques d&#039;acc\u00e8s au domaine, le plan, les itin\u00e9raires ainsi que les bonnes adresses pour votre s\u00e9jour.\" \/>\n<meta name=\"robots\" content=\"index, follow, max-snippet:-1, max-image-preview:large, max-video-preview:-1\" \/>\n<link rel=\"canonical\" href=\"https:\/\/www.domainedesbarons.com\/en\/practical-information\/\" \/>\n<meta property=\"og:locale\" content=\"en_US\" \/>\n<meta property=\"og:type\" content=\"article\" \/>\n<meta property=\"og:title\" content=\"Practical Information - Domaine des Barons de la Chasse\" \/>\n<meta property=\"og:description\" content=\"D\u00e9couvrez les informations pratiques d&#039;acc\u00e8s au domaine, le plan, les itin\u00e9raires ainsi que les bonnes adresses pour votre s\u00e9jour.\" \/>\n<meta property=\"og:url\" content=\"https:\/\/www.domainedesbarons.com\/en\/practical-information\/\" \/>\n<meta property=\"og:site_name\" content=\"Domaine des Barons de la Chasse\" \/>\n<meta property=\"article:publisher\" content=\"https:\/\/www.facebook.com\/domainedesbaronsdelachasse\/\" \/>\n<meta property=\"article:modified_time\" content=\"2023-12-11T07:49:24+00:00\" \/>\n<meta name=\"twitter:card\" content=\"summary_large_image\" \/>\n<script type=\"application\/ld+json\" class=\"yoast-schema-graph\">{\"@context\":\"https:\/\/schema.org\",\"@graph\":[{\"@type\":\"WebPage\",\"@id\":\"https:\/\/www.domainedesbarons.com\/en\/practical-information\/\",\"url\":\"https:\/\/www.domainedesbarons.com\/en\/practical-information\/\",\"name\":\"Practical Information - Domaine des Barons de la Chasse\",\"isPartOf\":{\"@id\":\"https:\/\/www.domainedesbarons.com\/en\/#website\"},\"datePublished\":\"2020-07-21T11:37:24+00:00\",\"dateModified\":\"2023-12-11T07:49:24+00:00\",\"description\":\"D\u00e9couvrez les informations pratiques d'acc\u00e8s au domaine, le plan, les itin\u00e9raires ainsi que les bonnes adresses pour votre s\u00e9jour.\",\"breadcrumb\":{\"@id\":\"https:\/\/www.domainedesbarons.com\/en\/practical-information\/#breadcrumb\"},\"inLanguage\":\"en-US\",\"potentialAction\":[{\"@type\":\"ReadAction\",\"target\":[\"https:\/\/www.domainedesbarons.com\/en\/practical-information\/\"]}]},{\"@type\":\"BreadcrumbList\",\"@id\":\"https:\/\/www.domainedesbarons.com\/en\/practical-information\/#breadcrumb\",\"itemListElement\":[{\"@type\":\"ListItem\",\"position\":1,\"name\":\"Home\",\"item\":\"https:\/\/www.domainedesbarons.com\/en\/\"},{\"@type\":\"ListItem\",\"position\":2,\"name\":\"Practical Information\"}]},{\"@type\":\"WebSite\",\"@id\":\"https:\/\/www.domainedesbarons.com\/en\/#website\",\"url\":\"https:\/\/www.domainedesbarons.com\/en\/\",\"name\":\"Domaine des Barons de la Chasse\",\"description\":\"\u00c9co-Domaine R\u00e9sidentiel\",\"publisher\":{\"@id\":\"https:\/\/www.domainedesbarons.com\/en\/#organization\"},\"potentialAction\":[{\"@type\":\"SearchAction\",\"target\":{\"@type\":\"EntryPoint\",\"urlTemplate\":\"https:\/\/www.domainedesbarons.com\/en\/?s={search_term_string}\"},\"query-input\":{\"@type\":\"PropertyValueSpecification\",\"valueRequired\":true,\"valueName\":\"search_term_string\"}}],\"inLanguage\":\"en-US\"},{\"@type\":\"Organization\",\"@id\":\"https:\/\/www.domainedesbarons.com\/en\/#organization\",\"name\":\"Domaine des Barons de la Chasse\",\"url\":\"https:\/\/www.domainedesbarons.com\/en\/\",\"logo\":{\"@type\":\"ImageObject\",\"inLanguage\":\"en-US\",\"@id\":\"https:\/\/www.domainedesbarons.com\/en\/#\/schema\/logo\/image\/\",\"url\":\"https:\/\/www.domainedesbarons.com\/wp-content\/uploads\/2020\/07\/Logo-DBC-2.svg\",\"contentUrl\":\"https:\/\/www.domainedesbarons.com\/wp-content\/uploads\/2020\/07\/Logo-DBC-2.svg\",\"caption\":\"Domaine des Barons de la Chasse\"},\"image\":{\"@id\":\"https:\/\/www.domainedesbarons.com\/en\/#\/schema\/logo\/image\/\"},\"sameAs\":[\"https:\/\/www.facebook.com\/domainedesbaronsdelachasse\/\",\"https:\/\/www.instagram.com\/domainedesbaronsdelachasse\/\"]}]}<\/script>\n<!-- \/ Yoast SEO plugin. -->","yoast_head_json":{"title":"Practical Information - Domaine des Barons de la Chasse","description":"D\u00e9couvrez les informations pratiques d'acc\u00e8s au domaine, le plan, les itin\u00e9raires ainsi que les bonnes adresses pour votre s\u00e9jour.","robots":{"index":"index","follow":"follow","max-snippet":"max-snippet:-1","max-image-preview":"max-image-preview:large","max-video-preview":"max-video-preview:-1"},"canonical":"https:\/\/www.domainedesbarons.com\/en\/practical-information\/","og_locale":"en_US","og_type":"article","og_title":"Practical Information - Domaine des Barons de la Chasse","og_description":"D\u00e9couvrez les informations pratiques d'acc\u00e8s au domaine, le plan, les itin\u00e9raires ainsi que les bonnes adresses pour votre s\u00e9jour.","og_url":"https:\/\/www.domainedesbarons.com\/en\/practical-information\/","og_site_name":"Domaine des Barons de la Chasse","article_publisher":"https:\/\/www.facebook.com\/domainedesbaronsdelachasse\/","article_modified_time":"2023-12-11T07:49:24+00:00","twitter_card":"summary_large_image","schema":{"@context":"https:\/\/schema.org","@graph":[{"@type":"WebPage","@id":"https:\/\/www.domainedesbarons.com\/en\/practical-information\/","url":"https:\/\/www.domainedesbarons.com\/en\/practical-information\/","name":"Practical Information - Domaine des Barons de la Chasse","isPartOf":{"@id":"https:\/\/www.domainedesbarons.com\/en\/#website"},"datePublished":"2020-07-21T11:37:24+00:00","dateModified":"2023-12-11T07:49:24+00:00","description":"D\u00e9couvrez les informations pratiques d'acc\u00e8s au domaine, le plan, les itin\u00e9raires ainsi que les bonnes adresses pour votre s\u00e9jour.","breadcrumb":{"@id":"https:\/\/www.domainedesbarons.com\/en\/practical-information\/#breadcrumb"},"inLanguage":"en-US","potentialAction":[{"@type":"ReadAction","target":["https:\/\/www.domainedesbarons.com\/en\/practical-information\/"]}]},{"@type":"BreadcrumbList","@id":"https:\/\/www.domainedesbarons.com\/en\/practical-information\/#breadcrumb","itemListElement":[{"@type":"ListItem","position":1,"name":"Home","item":"https:\/\/www.domainedesbarons.com\/en\/"},{"@type":"ListItem","position":2,"name":"Practical Information"}]},{"@type":"WebSite","@id":"https:\/\/www.domainedesbarons.com\/en\/#website","url":"https:\/\/www.domainedesbarons.com\/en\/","name":"Domaine des Barons de la Chasse","description":"\u00c9co-Domaine R\u00e9sidentiel","publisher":{"@id":"https:\/\/www.domainedesbarons.com\/en\/#organization"},"potentialAction":[{"@type":"SearchAction","target":{"@type":"EntryPoint","urlTemplate":"https:\/\/www.domainedesbarons.com\/en\/?s={search_term_string}"},"query-input":{"@type":"PropertyValueSpecification","valueRequired":true,"valueName":"search_term_string"}}],"inLanguage":"en-US"},{"@type":"Organization","@id":"https:\/\/www.domainedesbarons.com\/en\/#organization","name":"Domaine des Barons de la Chasse","url":"https:\/\/www.domainedesbarons.com\/en\/","logo":{"@type":"ImageObject","inLanguage":"en-US","@id":"https:\/\/www.domainedesbarons.com\/en\/#\/schema\/logo\/image\/","url":"https:\/\/www.domainedesbarons.com\/wp-content\/uploads\/2020\/07\/Logo-DBC-2.svg","contentUrl":"https:\/\/www.domainedesbarons.com\/wp-content\/uploads\/2020\/07\/Logo-DBC-2.svg","caption":"Domaine des Barons de la Chasse"},"image":{"@id":"https:\/\/www.domainedesbarons.com\/en\/#\/schema\/logo\/image\/"},"sameAs":["https:\/\/www.facebook.com\/domainedesbaronsdelachasse\/","https:\/\/www.instagram.com\/domainedesbaronsdelachasse\/"]}]}},"_links":{"self":[{"href":"https:\/\/www.domainedesbarons.com\/en\/wp-json\/wp\/v2\/pages\/2154","targetHints":{"allow":["GET"]}}],"collection":[{"href":"https:\/\/www.domainedesbarons.com\/en\/wp-json\/wp\/v2\/pages"}],"about":[{"href":"https:\/\/www.domainedesbarons.com\/en\/wp-json\/wp\/v2\/types\/page"}],"author":[{"embeddable":true,"href":"https:\/\/www.domainedesbarons.com\/en\/wp-json\/wp\/v2\/users\/3"}],"replies":[{"embeddable":true,"href":"https:\/\/www.domainedesbarons.com\/en\/wp-json\/wp\/v2\/comments?post=2154"}],"version-history":[{"count":21,"href":"https:\/\/www.domainedesbarons.com\/en\/wp-json\/wp\/v2\/pages\/2154\/revisions"}],"predecessor-version":[{"id":3967,"href":"https:\/\/www.domainedesbarons.com\/en\/wp-json\/wp\/v2\/pages\/2154\/revisions\/3967"}],"wp:attachment":[{"href":"https:\/\/www.domainedesbarons.com\/en\/wp-json\/wp\/v2\/media?parent=2154"}],"curies":[{"name":"wp","href":"https:\/\/api.w.org\/{rel}","templated":true}]}}